{"id":1965,"date":"2020-12-23T15:11:16","date_gmt":"2020-12-23T14:11:16","guid":{"rendered":"http:\/\/arscameralis.test.vian.pl\/?page_id=1965"},"modified":"2021-01-26T15:52:00","modified_gmt":"2021-01-26T14:52:00","slug":"ars-cameralis-festival","status":"publish","type":"page","link":"https:\/\/arscameralis.pl\/en\/ars-cameralis-festival\/","title":{"rendered":"Ars Cameralis Festival"},"content":{"rendered":"<p>Ars Cameralis Festival, whose subsequent editions are held annually in November, over more than twenty years of existence, has become the cultural showcase of the region. Through its innovative formula, accessible form of communication and an excellent programme, it\u00a0 is commonly regarded as one of the most important artistic events in Poland.<\/p>\n<p>The Festival\u2019s main idea is to present the most interesting and hottest phenomena in contemporary culture. For almost a\u00a0whole month in many Silesian cities music, visual arts, theatre and literature reign supreme. Since the first edition the Festival has undergone an enormous evolution: from a\u00a0small event noticed locally to a\u00a0festival with a\u00a0wide reputation, media response and a\u00a0subject of vivid discussions throughout the country.<\/p>\n<p>The National,\u00a0Laurie Anderson,\u00a0Kishin Shinoyama,\u00a0Kronos Quartet,\u00a0Jane Birkin,\u00a0David Lynch,\u00a0John Zorn,\u00a0Jake\u00a0and\u00a0Dinos Chapman\u00a0are just a\u00a0few of the world renowned poersonae who have visited the Festival in recent years. This is the best proof that it is always worth checking back in November in Katowice, Sosnowiec, Miko\u0142\u00f3w, Chorz\u00f3w and other Silesian cities to participate in the many unforgettable artistic events.<\/p>\n","protected":false},"excerpt":{"rendered":"<p>Ars Cameralis Festival, whose subsequent editions are held annually in November, over more than twenty years of existence, has become the cultural showcase of the region. Through its innovative formula,&#8230;<\/p>\n","protected":false},"author":2,"featured_media":1199,"parent":0,"menu_order":0,"comment_status":"closed","ping_status":"closed","template":"","meta":{"_monsterinsights_skip_tracking":false,"_monsterinsights_sitenote_active":false,"_monsterinsights_sitenote_note":"","_monsterinsights_sitenote_category":0},"acf":[],"_links":{"self":[{"href":"https:\/\/arscameralis.pl\/en\/wp-json\/wp\/v2\/pages\/1965\/"}],"collection":[{"href":"https:\/\/arscameralis.pl\/en\/wp-json\/wp\/v2\/pages\/"}],"about":[{"href":"https:\/\/arscameralis.pl\/en\/wp-json\/wp\/v2\/types\/page\/"}],"author":[{"embeddable":true,"href":"https:\/\/arscameralis.pl\/en\/wp-json\/wp\/v2\/users\/2\/"}],"replies":[{"embeddable":true,"href":"https:\/\/arscameralis.pl\/en\/wp-json\/wp\/v2\/comments\/?post=1965"}],"version-history":[{"count":3,"href":"https:\/\/arscameralis.pl\/en\/wp-json\/wp\/v2\/pages\/1965\/revisions\/"}],"predecessor-version":[{"id":4091,"href":"https:\/\/arscameralis.pl\/en\/wp-json\/wp\/v2\/pages\/1965\/revisions\/4091\/"}],"wp:featuredmedia":[{"embeddable":true,"href":"https:\/\/arscameralis.pl\/en\/wp-json\/wp\/v2\/media\/1199\/"}],"wp:attachment":[{"href":"https:\/\/arscameralis.pl\/en\/wp-json\/wp\/v2\/media\/?parent=1965"}],"curies":[{"name":"wp","href":"https:\/\/api.w.org\/{rel}","templated":true}]}}